{"id":81,"date":"2025-04-25T19:23:38","date_gmt":"2025-04-25T19:23:38","guid":{"rendered":"http:\/\/jokerk9.com\/?page_id=81"},"modified":"2026-03-03T13:32:54","modified_gmt":"2026-03-03T12:32:54","slug":"kontakt","status":"publish","type":"page","link":"https:\/\/jokerk9.com\/?page_id=81","title":{"rendered":"Kontakt"},"content":{"rendered":"\t\t<div data-elementor-type=\"wp-page\" data-elementor-id=\"81\" class=\"elementor elementor-81\">\n\t\t\t\t<div class=\"elementor-element elementor-element-41afdf5 e-flex e-con-boxed wpr-particle-no wpr-jarallax-no wpr-parallax-no wpr-sticky-section-no e-con e-parent\" data-id=\"41afdf5\" data-element_type=\"container\" data-e-type=\"container\" data-settings=\"{&quot;background_background&quot;:&quot;classic&quot;}\">\n\t\t\t\t\t<div class=\"e-con-inner\">\n\t\t<div class=\"elementor-element elementor-element-65373e8 e-con-full e-flex wpr-particle-no wpr-jarallax-no wpr-parallax-no wpr-sticky-section-no e-con e-child\" data-id=\"65373e8\" data-element_type=\"container\" data-e-type=\"container\">\n\t\t\t\t<div class=\"elementor-element elementor-element-40cc999 elementor-widget elementor-widget-heading\" data-id=\"40cc999\" data-element_type=\"widget\" data-e-type=\"widget\" data-widget_type=\"heading.default\">\n\t\t\t\t<div class=\"elementor-widget-container\">\n\t\t\t\t\t<h1 class=\"elementor-heading-title elementor-size-default\">Joker K9 \u2013 Hundetraining &amp; Verhaltenstherapie f\u00fcr Hunde mit Geschichte\u200b\n<BR><\/h1>\t\t\t\t<\/div>\n\t\t\t\t<\/div>\n\t\t\t\t<div class=\"elementor-element elementor-element-dc33c02 elementor-widget elementor-widget-text-editor\" data-id=\"dc33c02\" data-element_type=\"widget\" data-e-type=\"widget\" data-widget_type=\"text-editor.default\">\n\t\t\t\t<div class=\"elementor-widget-container\">\n\t\t\t\t\t\t\t\t\t<p>Jeder Hund hat das Potenzial f\u00fcr positive Ver\u00e4nderung. Mit der richtigen Anleitung und Geduld k\u00f6nnen auch traumatisierte Hunde ein gl\u00fcckliches, ausgeglichenes Leben f\u00fchren<\/p>\t\t\t\t\t\t\t\t<\/div>\n\t\t\t\t<\/div>\n\t\t<div class=\"elementor-element elementor-element-9f969d0 e-con-full e-flex wpr-particle-no wpr-jarallax-no wpr-parallax-no wpr-sticky-section-no e-con e-child\" data-id=\"9f969d0\" data-element_type=\"container\" data-e-type=\"container\">\n\t\t\t\t<div class=\"elementor-element elementor-element-158fc16 elementor-widget elementor-widget-formidable\" data-id=\"158fc16\" data-element_type=\"widget\" data-e-type=\"widget\" data-widget_type=\"formidable.default\">\n\t\t\t\t<div class=\"elementor-widget-container\">\n\t\t\t\t\t<div class=\"frm_forms  with_frm_style frm_style_formidable-style\" id=\"frm_form_4_container\" data-token=\"811afe780917d4f4771a3205e23224b7\">\n<form enctype=\"multipart\/form-data\" method=\"post\" class=\"frm-show-form \" id=\"form_k9\" data-token=\"811afe780917d4f4771a3205e23224b7\">\n<div class=\"frm_form_fields \">\n<fieldset>\n<legend class=\"frm_screen_reader\">K9<\/legend>\r\n\r\n<div class=\"frm_fields_container\">\n<input type=\"hidden\" name=\"frm_action\" value=\"create\" \/>\n<input type=\"hidden\" name=\"form_id\" value=\"4\" \/>\n<input type=\"hidden\" name=\"frm_hide_fields_4\" id=\"frm_hide_fields_4\" value=\"\" \/>\n<input type=\"hidden\" name=\"form_key\" value=\"k9\" \/>\n<input type=\"hidden\" name=\"item_meta[0]\" value=\"\" \/>\n<input type=\"hidden\" id=\"frm_submit_entry_4\" name=\"frm_submit_entry_4\" value=\"5af1669d3d\" \/><input type=\"hidden\" name=\"_wp_http_referer\" value=\"\/index.php?rest_route=%2Fwp%2Fv2%2Fpages%2F81\" \/><div id=\"frm_field_12_container\" class=\"frm_form_field form-field  frm_top_container frm12 frm_first\">\r\n\t<div  id=\"field_wldpb_label\" class=\"frm_primary_label\">Name\r\n\t\t<span class=\"frm_required\" aria-hidden=\"true\"><\/span>\r\n\t<\/div>\r\n\t<fieldset aria-labelledby=\"field_wldpb_label\">\n\t<legend class=\"frm_screen_reader frm_hidden\">\n\t\tName\t<\/legend>\n\n\t<div  class=\"frm_combo_inputs_container\" id=\"frm_combo_inputs_container_12\" data-name-layout=\"first_last\">\n\t\t\t\t\t<div\n\t\t\t\tid=\"frm_field_12-first_container\"\n\t\t\t\tclass=\"frm_form_field form-field frm_form_subfield-first  frm6\"\n\t\t\t\tdata-sub-field-name=\"first\"\n\t\t\t>\n\t\t\t\t<label for=\"field_wldpb_first\" class=\"frm_screen_reader frm_hidden\">\n\t\t\t\t\tVorname\t\t\t\t<\/label>\n\n\t\t\t\t<input  type=\"text\" id=\"field_wldpb_first\" value=\"\" name=\"item_meta[12][first]\" autocomplete=\"given-name\" data-invmsg=\"Name is invalid\" aria-invalid=\"false\"  \/><div class=\"frm_description\" id=\"frm_field_12_first_desc\">Vorname<\/div>\t\t\t<\/div>\n\t\t\t\t\t\t<div\n\t\t\t\tid=\"frm_field_12-last_container\"\n\t\t\t\tclass=\"frm_form_field form-field frm_form_subfield-last  frm6\"\n\t\t\t\tdata-sub-field-name=\"last\"\n\t\t\t>\n\t\t\t\t<label for=\"field_wldpb_last\" class=\"frm_screen_reader frm_hidden\">\n\t\t\t\t\tNachname\t\t\t\t<\/label>\n\n\t\t\t\t<input  type=\"text\" id=\"field_wldpb_last\" value=\"\" name=\"item_meta[12][last]\" autocomplete=\"family-name\" data-invmsg=\"Name is invalid\" aria-invalid=\"false\"  \/><div class=\"frm_description\" id=\"frm_field_12_last_desc\">Nachname<\/div>\t\t\t<\/div>\n\t\t\t\t<\/div>\n<\/fieldset>\n\r\n\t\r\n\t\r\n<\/div>\n<div id=\"frm_field_14_container\" class=\"frm_form_field form-field  frm_top_container frm6 frm_first\">\r\n\t<label for=\"field_zlpn1\" id=\"field_zlpn1_label\" class=\"frm_primary_label\">E-mail\r\n\t\t<span class=\"frm_required\" aria-hidden=\"true\"><\/span>\r\n\t<\/label>\r\n\t<input type=\"email\" id=\"field_zlpn1\" name=\"item_meta[14]\" value=\"\"  data-invmsg=\"E-mail is invalid\" aria-invalid=\"false\"  \/>\r\n\t\r\n\t\r\n<\/div>\n<div id=\"frm_field_15_container\" class=\"frm_form_field form-field  frm_top_container frm6\">\r\n\t<label for=\"field_5bo70\" id=\"field_5bo70_label\" class=\"frm_primary_label\">Telefonnummer\r\n\t\t<span class=\"frm_required\" aria-hidden=\"true\"><\/span>\r\n\t<\/label>\r\n\t<input type=\"tel\" id=\"field_5bo70\" name=\"item_meta[15]\" value=\"\"  data-invmsg=\"Telefonnummer is invalid\" aria-invalid=\"false\" pattern=\"((\\+\\d{1,3}(-|.| )?\\(?\\d\\)?(-| |.)?\\d{1,5})|(\\(?\\d{2,6}\\)?))(-|.| )?(\\d{3,4})(-|.| )?(\\d{4})(( x| ext)\\d{1,5}){0,1}$\"  \/>\r\n\t\r\n\t\r\n<\/div>\n<div id=\"frm_field_13_container\" class=\"frm_form_field form-field  frm_top_container\">\r\n\t<label for=\"field_xqjc1\" id=\"field_xqjc1_label\" class=\"frm_primary_label\">Hunderasse\r\n\t\t<span class=\"frm_required\" aria-hidden=\"true\"><\/span>\r\n\t<\/label>\r\n\t<input type=\"text\" id=\"field_xqjc1\" name=\"item_meta[13]\" value=\"\"  data-invmsg=\"Hunderasse is invalid\" aria-invalid=\"false\"  \/>\r\n\t\r\n\t\r\n<\/div>\n<div id=\"frm_field_16_container\" class=\"frm_form_field form-field  frm_top_container\">\r\n\t<label for=\"field_o8iey\" id=\"field_o8iey_label\" class=\"frm_primary_label\">Bitte erz\u00e4hlen Sie uns kurz, welche Verhaltensweisen bei Ihrem Hund problematisch sind oder welches Ziel Sie mit Ihrem Hund erreichen m\u00f6chten.\r\n\t\t<span class=\"frm_required\" aria-hidden=\"true\"><\/span>\r\n\t<\/label>\r\n\t<textarea name=\"item_meta[16]\" id=\"field_o8iey\" rows=\"5\"  data-invmsg=\"Bitte erz\u00e4hlen Sie uns kurz, welche Verhaltensweisen bei Ihrem Hund problematisch sind oder welches Ziel Sie mit Ihrem Hund erreichen m\u00f6chten. is invalid\" aria-invalid=\"false\"  ><\/textarea>\r\n\t\r\n\t\r\n<\/div>\n<div id=\"frm_field_10_container\" class=\"frm_form_field form-field  frm12 frm_first\">\r\n\t<div class=\"frm_submit frm_flex\">\r\n<button class=\"frm_button_submit\" type=\"submit\"  >Senden<\/button>\r\n\r\n\r\n\r\n<\/div>\r\n<\/div>\n\t<input type=\"hidden\" name=\"item_key\" value=\"\" \/>\n\t\t\t<div id=\"frm_field_17_container\">\n\t\t\t<label for=\"field_aiyul\" >\n\t\t\t\tIf you are human, leave this field blank.\t\t\t<\/label>\n\t\t\t<input  id=\"field_aiyul\" type=\"text\" class=\"frm_form_field form-field frm_verify\" name=\"item_meta[17]\" value=\"\"  \/>\n\t\t<\/div>\n\t\t<input name=\"frm_state\" type=\"hidden\" value=\"Gwgp56A97HimhNlx0pG\/IoP+dJOvEK3N6Ksz+iMuiF8=\" \/><\/div>\n<\/fieldset>\n<\/div>\n\n<\/form>\n<\/div>\n\t\t\t\t<\/div>\n\t\t\t\t<\/div>\n\t\t\t\t<\/div>\n\t\t\t\t<div class=\"elementor-element elementor-element-ac71b34 elementor-widget elementor-widget-text-editor\" data-id=\"ac71b34\" data-element_type=\"widget\" data-e-type=\"widget\" data-widget_type=\"text-editor.default\">\n\t\t\t\t<div class=\"elementor-widget-container\">\n\t\t\t\t\t\t\t\t\t<p>\ud83d\udce7 E-Mail: z.kis@jokerk9.com<br \/>\ud83d\udcde Telefon \/ WhatsApp: +49 1522 3937920<\/p><p>\ud83d\udccd <strong>Vor Ort in 78586 Deilingen und Umgebung \u2013 oder online auf Deutsch, Englisch, Ungarisch und Rum\u00e4nisch verf\u00fcgbar<\/strong><\/p>\t\t\t\t\t\t\t\t<\/div>\n\t\t\t\t<\/div>\n\t\t<div class=\"elementor-element elementor-element-22d0fbd e-con-full e-flex wpr-particle-no wpr-jarallax-no wpr-parallax-no wpr-sticky-section-no e-con e-child\" data-id=\"22d0fbd\" data-element_type=\"container\" data-e-type=\"container\">\n\t\t\t\t<div class=\"elementor-element elementor-element-80d9b0c elementor-widget elementor-widget-heading\" data-id=\"80d9b0c\" data-element_type=\"widget\" data-e-type=\"widget\" data-widget_type=\"heading.default\">\n\t\t\t\t<div class=\"elementor-widget-container\">\n\t\t\t\t\t<h2 class=\"elementor-heading-title elementor-size-default\">\ud83d\udee1\ufe0f Akkreditierter Verhaltenstherapeut<\/h2>\t\t\t\t<\/div>\n\t\t\t\t<\/div>\n\t\t\t\t<div class=\"elementor-element elementor-element-3af5a63 elementor-widget elementor-widget-heading\" data-id=\"3af5a63\" data-element_type=\"widget\" data-e-type=\"widget\" data-widget_type=\"heading.default\">\n\t\t\t\t<div class=\"elementor-widget-container\">\n\t\t\t\t\t<h2 class=\"elementor-heading-title elementor-size-default\">\ud83d\udd0d  Wissenschaftliche Methoden<\/h2>\t\t\t\t<\/div>\n\t\t\t\t<\/div>\n\t\t\t\t<\/div>\n\t\t\t\t<\/div>\n\t\t<div class=\"elementor-element elementor-element-e5b12cc e-con-full e-flex wpr-particle-no wpr-jarallax-no wpr-parallax-no wpr-sticky-section-no e-con e-child\" data-id=\"e5b12cc\" data-element_type=\"container\" data-e-type=\"container\" data-settings=\"{&quot;background_background&quot;:&quot;classic&quot;}\">\n\t\t\t\t<div class=\"elementor-element elementor-element-722c920 elementor-widget elementor-widget-image\" data-id=\"722c920\" data-element_type=\"widget\" data-e-type=\"widget\" data-widget_type=\"image.default\">\n\t\t\t\t<div class=\"elementor-widget-container\">\n\t\t\t\t\t\t\t\t\t\t\t\t\t\t\t<img fetchpriority=\"high\" decoding=\"async\" width=\"1024\" height=\"858\" src=\"https:\/\/jokerk9.com\/wp-content\/uploads\/2026\/02\/Design-ohne-Titel-5-1024x858.png\" class=\"attachment-large size-large wp-image-437\" alt=\"\" srcset=\"https:\/\/jokerk9.com\/wp-content\/uploads\/2026\/02\/Design-ohne-Titel-5-1024x858.png 1024w, https:\/\/jokerk9.com\/wp-content\/uploads\/2026\/02\/Design-ohne-Titel-5-300x251.png 300w, https:\/\/jokerk9.com\/wp-content\/uploads\/2026\/02\/Design-ohne-Titel-5-768x644.png 768w, https:\/\/jokerk9.com\/wp-content\/uploads\/2026\/02\/Design-ohne-Titel-5-1536x1288.png 1536w, https:\/\/jokerk9.com\/wp-content\/uploads\/2026\/02\/Design-ohne-Titel-5.png 1645w\" sizes=\"(max-width: 1024px) 100vw, 1024px\" \/>\t\t\t\t\t\t\t\t\t\t\t\t\t\t\t<\/div>\n\t\t\t\t<\/div>\n\t\t\t\t<\/div>\n\t\t\t\t\t<\/div>\n\t\t\t\t<\/div>\n\t\t<div class=\"elementor-element elementor-element-a37bbb7 e-flex e-con-boxed wpr-particle-no wpr-jarallax-no wpr-parallax-no wpr-sticky-section-no e-con e-parent\" data-id=\"a37bbb7\" data-element_type=\"container\" data-e-type=\"container\">\n\t\t\t\t\t<div class=\"e-con-inner\">\n\t\t\t\t\t<\/div>\n\t\t\t\t<\/div>\n\t\t\t\t<\/div>\n\t\t","protected":false},"excerpt":{"rendered":"<p>Joker K9 \u2013 Hundetraining &amp; Verhaltenstherapie f\u00fcr Hunde mit Geschichte\u200b Jeder Hund hat das Potenzial f\u00fcr positive Ver\u00e4nderung. Mit der richtigen Anleitung und Geduld k\u00f6nnen auch traumatisierte Hunde ein gl\u00fcckliches, ausgeglichenes Leben f\u00fchren K9 Name Name Vorname Vorname Nachname Nachname E-mail Telefonnummer Hunderasse Bitte erz\u00e4hlen Sie uns kurz, welche Verhaltensweisen bei Ihrem Hund problematisch sind oder welches Ziel Sie mit Ihrem Hund erreichen m\u00f6chten. Senden Falls Du menschlich bist, lasse dieses Feld leer. \ud83d\udce7 E-Mail: z.kis@jokerk9.com\ud83d\udcde Telefon \/ WhatsApp: +49 1522 3937920 \ud83d\udccd Vor Ort in 78586 Deilingen und Umgebung \u2013 oder online auf Deutsch, Englisch, Ungarisch und Rum\u00e4nisch verf\u00fcgbar \ud83d\udee1\ufe0f Akkreditierter Verhaltenstherapeut \ud83d\udd0d Wissenschaftliche Methoden<\/p>\n","protected":false},"author":1,"featured_media":0,"parent":0,"menu_order":0,"comment_status":"closed","ping_status":"closed","template":"elementor_header_footer","meta":{"_monsterinsights_skip_tracking":false,"_monsterinsights_sitenote_active":false,"_monsterinsights_sitenote_note":"","_monsterinsights_sitenote_category":0,"footnotes":""},"class_list":["post-81","page","type-page","status-publish","hentry","entry"],"_links":{"self":[{"href":"https:\/\/jokerk9.com\/index.php?rest_route=\/wp\/v2\/pages\/81","targetHints":{"allow":["GET"]}}],"collection":[{"href":"https:\/\/jokerk9.com\/index.php?rest_route=\/wp\/v2\/pages"}],"about":[{"href":"https:\/\/jokerk9.com\/index.php?rest_route=\/wp\/v2\/types\/page"}],"author":[{"embeddable":true,"href":"https:\/\/jokerk9.com\/index.php?rest_route=\/wp\/v2\/users\/1"}],"replies":[{"embeddable":true,"href":"https:\/\/jokerk9.com\/index.php?rest_route=%2Fwp%2Fv2%2Fcomments&post=81"}],"version-history":[{"count":31,"href":"https:\/\/jokerk9.com\/index.php?rest_route=\/wp\/v2\/pages\/81\/revisions"}],"predecessor-version":[{"id":592,"href":"https:\/\/jokerk9.com\/index.php?rest_route=\/wp\/v2\/pages\/81\/revisions\/592"}],"wp:attachment":[{"href":"https:\/\/jokerk9.com\/index.php?rest_route=%2Fwp%2Fv2%2Fmedia&parent=81"}],"curies":[{"name":"wp","href":"https:\/\/api.w.org\/{rel}","templated":true}]}}