{"id":79,"date":"2025-04-25T19:23:15","date_gmt":"2025-04-25T19:23:15","guid":{"rendered":"http:\/\/jokerk9.com\/?page_id=79"},"modified":"2026-03-03T13:36:50","modified_gmt":"2026-03-03T12:36:50","slug":"uber-uns","status":"publish","type":"page","link":"https:\/\/jokerk9.com\/?page_id=79","title":{"rendered":"\u00dcber Uns"},"content":{"rendered":"\t\t<div data-elementor-type=\"wp-page\" data-elementor-id=\"79\" class=\"elementor elementor-79\">\n\t\t\t\t<div class=\"elementor-element elementor-element-fd64e1c e-flex e-con-boxed wpr-particle-no wpr-jarallax-no wpr-parallax-no wpr-sticky-section-no e-con e-parent\" data-id=\"fd64e1c\" data-element_type=\"container\" data-e-type=\"container\">\n\t\t\t\t\t<div class=\"e-con-inner\">\n\t\t<div class=\"elementor-element elementor-element-cb71825 e-con-full e-flex wpr-particle-no wpr-jarallax-no wpr-parallax-no wpr-sticky-section-no e-con e-child\" data-id=\"cb71825\" data-element_type=\"container\" data-e-type=\"container\">\n\t\t\t\t<div class=\"elementor-element elementor-element-ec32f37 elementor-widget elementor-widget-heading\" data-id=\"ec32f37\" data-element_type=\"widget\" data-e-type=\"widget\" data-widget_type=\"heading.default\">\n\t\t\t\t<div class=\"elementor-widget-container\">\n\t\t\t\t\t<h1 class=\"elementor-heading-title elementor-size-default\">Zertifizierter Hundetrainer &amp; Verhaltenstherapeut, aber vor allem jemand, der Hunde wirklich versteht.\u200b\u200b<\/h1>\t\t\t\t<\/div>\n\t\t\t\t<\/div>\n\t\t\t\t<div class=\"elementor-element elementor-element-48bc4fd elementor-widget elementor-widget-text-editor\" data-id=\"48bc4fd\" data-element_type=\"widget\" data-e-type=\"widget\" data-widget_type=\"text-editor.default\">\n\t\t\t\t<div class=\"elementor-widget-container\">\n\t\t\t\t\t\t\t\t\t<p>Ich bin in Rum\u00e4nien geboren und mit Hunden aufgewachsen.<br \/>Schon als Kind war ich ruhiger als andere, in menschlichen Beziehungen oft \u00fcberfordert. Doch mit Hunden konnte ich sprechen, nicht mit Worten, sondern durch Gef\u00fchl, K\u00f6rpersprache und Intuition.<\/p><p>Ein Kuvasz (ungarischer Herdenschutzhund) war mein erster Lehrer. Mit seiner Hilfe habe ich das Laufen gelernt.<br \/>Die Stra\u00dfenhunde meiner Heimat zeigten mir, was Vertrauen bedeutet, wenn man nichts hat und wie viel Kraft in stiller Kommunikation liegt.<\/p>\t\t\t\t\t\t\t\t<\/div>\n\t\t\t\t<\/div>\n\t\t<div class=\"elementor-element elementor-element-c8b9331 e-con-full e-flex wpr-particle-no wpr-jarallax-no wpr-parallax-no wpr-sticky-section-no e-con e-child\" data-id=\"c8b9331\" data-element_type=\"container\" data-e-type=\"container\" data-settings=\"{&quot;animation&quot;:&quot;none&quot;}\">\n\t\t\t\t<div class=\"elementor-element elementor-element-a4975e1 elementor-widget__width-initial elementor-widget-tablet__width-initial elementor-widget-mobile__width-initial text-left elementor-widget elementor-widget-tp-number-counter\" data-id=\"a4975e1\" data-element_type=\"widget\" data-e-type=\"widget\" data-widget_type=\"tp-number-counter.default\">\n\t\t\t\t<div class=\"elementor-widget-container\">\n\t\t\t\t\t<div class=\" content_hover_effect \" ><div class=\"plus-number-counter counter-style-2 counter69e0afddd3126 \" data-id=\"counter69e0afddd3126\" ><div class=\"number-counter-inner-block  \"><div class=\"icn-header\"><\/div><div class=\"counter-content\"><h5 class=\"counter-number\"><span class=\"counter-number-inner numscroller\" data-min=\"0\" data-max=\"15\" data-delay=\"5\" data-increment=\"5\">0<\/span><span class=\"number-counter-symbol\">+<\/span><\/h5><h6 class=\"counter-title\">Jahre erfahrung<\/h6><\/div><\/div><\/div><\/div>\t\t\t\t<\/div>\n\t\t\t\t<\/div>\n\t\t\t\t<div class=\"elementor-element elementor-element-7d2b4a2 elementor-widget__width-initial elementor-widget-mobile__width-initial elementor-widget-tablet__width-initial text-left elementor-widget elementor-widget-tp-number-counter\" data-id=\"7d2b4a2\" data-element_type=\"widget\" data-e-type=\"widget\" data-widget_type=\"tp-number-counter.default\">\n\t\t\t\t<div class=\"elementor-widget-container\">\n\t\t\t\t\t<div class=\" content_hover_effect \" ><div class=\"plus-number-counter counter-style-2 counter69e0afddd63a6 \" data-id=\"counter69e0afddd63a6\" ><div class=\"number-counter-inner-block  \"><div class=\"icn-header\"><\/div><div class=\"counter-content\"><h5 class=\"counter-number\"><span class=\"counter-number-inner numscroller\" data-min=\"0\" data-max=\"15\" data-delay=\"5\" data-increment=\"5\">0<\/span><span class=\"number-counter-symbol\">+<\/span><\/h5><h6 class=\"counter-title\">In tierschutz<\/h6><\/div><\/div><\/div><\/div>\t\t\t\t<\/div>\n\t\t\t\t<\/div>\n\t\t\t\t<div class=\"elementor-element elementor-element-3b5dd7c elementor-widget__width-initial elementor-widget-tablet__width-initial elementor-widget-mobile__width-initial text-left elementor-widget elementor-widget-tp-number-counter\" data-id=\"3b5dd7c\" data-element_type=\"widget\" data-e-type=\"widget\" data-widget_type=\"tp-number-counter.default\">\n\t\t\t\t<div class=\"elementor-widget-container\">\n\t\t\t\t\t<div class=\" content_hover_effect \" ><div class=\"plus-number-counter counter-style-2 counter69e0afddd71d5 \" data-id=\"counter69e0afddd71d5\" ><div class=\"number-counter-inner-block  \"><div class=\"icn-header\"><\/div><div class=\"counter-content\"><h5 class=\"counter-number\"><span class=\"counter-number-inner numscroller\" data-min=\"0\" data-max=\"500\" data-delay=\"5\" data-increment=\"5\">0<\/span><span class=\"number-counter-symbol\">+<\/span><\/h5><h6 class=\"counter-title\">Geretete hunde<\/h6><\/div><\/div><\/div><\/div>\t\t\t\t<\/div>\n\t\t\t\t<\/div>\n\t\t\t\t<\/div>\n\t\t\t\t<\/div>\n\t\t<div class=\"elementor-element elementor-element-0b8e422 e-con-full e-flex wpr-particle-no wpr-jarallax-no wpr-parallax-no wpr-sticky-section-no e-con e-child\" data-id=\"0b8e422\" data-element_type=\"container\" data-e-type=\"container\" data-settings=\"{&quot;background_background&quot;:&quot;classic&quot;}\">\n\t\t\t\t<div class=\"elementor-element elementor-element-e423db3 elementor-widget elementor-widget-image\" data-id=\"e423db3\" data-element_type=\"widget\" data-e-type=\"widget\" data-widget_type=\"image.default\">\n\t\t\t\t<div class=\"elementor-widget-container\">\n\t\t\t\t\t\t\t\t\t\t\t\t\t\t\t<img fetchpriority=\"high\" decoding=\"async\" width=\"1024\" height=\"858\" src=\"https:\/\/jokerk9.com\/wp-content\/uploads\/2025\/06\/Koyok-en-Kuvasszal-1024x858.png\" class=\"attachment-large size-large wp-image-113\" alt=\"\" srcset=\"https:\/\/jokerk9.com\/wp-content\/uploads\/2025\/06\/Koyok-en-Kuvasszal-1024x858.png 1024w, https:\/\/jokerk9.com\/wp-content\/uploads\/2025\/06\/Koyok-en-Kuvasszal-300x251.png 300w, https:\/\/jokerk9.com\/wp-content\/uploads\/2025\/06\/Koyok-en-Kuvasszal-768x644.png 768w, https:\/\/jokerk9.com\/wp-content\/uploads\/2025\/06\/Koyok-en-Kuvasszal-1536x1288.png 1536w\" sizes=\"(max-width: 1024px) 100vw, 1024px\" \/>\t\t\t\t\t\t\t\t\t\t\t\t\t\t\t<\/div>\n\t\t\t\t<\/div>\n\t\t\t\t<\/div>\n\t\t\t\t\t<\/div>\n\t\t\t\t<\/div>\n\t\t<div class=\"elementor-element elementor-element-f0cfe1e e-flex e-con-boxed wpr-particle-no wpr-jarallax-no wpr-parallax-no wpr-sticky-section-no e-con e-parent\" data-id=\"f0cfe1e\" data-element_type=\"container\" data-e-type=\"container\">\n\t\t\t\t\t<div class=\"e-con-inner\">\n\t\t<div class=\"elementor-element elementor-element-8687853 e-con-full e-flex wpr-particle-no wpr-jarallax-no wpr-parallax-no wpr-sticky-section-no e-con e-child\" data-id=\"8687853\" data-element_type=\"container\" data-e-type=\"container\">\n\t\t\t\t<div class=\"elementor-element elementor-element-e437bf3 elementor-widget elementor-widget-image\" data-id=\"e437bf3\" data-element_type=\"widget\" data-e-type=\"widget\" data-widget_type=\"image.default\">\n\t\t\t\t<div class=\"elementor-widget-container\">\n\t\t\t\t\t\t\t\t\t\t\t\t\t\t\t<img decoding=\"async\" width=\"720\" height=\"480\" src=\"https:\/\/jokerk9.com\/wp-content\/uploads\/2025\/06\/WhatsApp-Image-2025-06-08-at-10.27.56-12.jpeg\" class=\"attachment-large size-large wp-image-132\" alt=\"\" srcset=\"https:\/\/jokerk9.com\/wp-content\/uploads\/2025\/06\/WhatsApp-Image-2025-06-08-at-10.27.56-12.jpeg 720w, https:\/\/jokerk9.com\/wp-content\/uploads\/2025\/06\/WhatsApp-Image-2025-06-08-at-10.27.56-12-300x200.jpeg 300w\" sizes=\"(max-width: 720px) 100vw, 720px\" \/>\t\t\t\t\t\t\t\t\t\t\t\t\t\t\t<\/div>\n\t\t\t\t<\/div>\n\t\t\t\t<\/div>\n\t\t<div class=\"elementor-element elementor-element-32f94c5 e-con-full e-flex wpr-particle-no wpr-jarallax-no wpr-parallax-no wpr-sticky-section-no e-con e-child\" data-id=\"32f94c5\" data-element_type=\"container\" data-e-type=\"container\">\n\t\t\t\t<div class=\"elementor-element elementor-element-2386c2e elementor-widget elementor-widget-text-editor\" data-id=\"2386c2e\" data-element_type=\"widget\" data-e-type=\"widget\" data-widget_type=\"text-editor.default\">\n\t\t\t\t<div class=\"elementor-widget-container\">\n\t\t\t\t\t\t\t\t\t<p>Mit sechs oder sieben Jahren erlebte ich eine Szene, die mein Leben pr\u00e4gte:<br \/>Ich sah, wie ein Hufschmied brutal mit einem Pferd umging und ich stellte mich dazwischen. Ohne Angst, ohne zu \u00fcberlegen. In diesem Moment wurde mir klar:<br \/>\ud83d\udc49 Ich will f\u00fcr die sprechen, die keine Stimme haben.<\/p><p>Trotz meines Studiums in einer anderen Richtung ich habe einen Bachelorabschluss als \u00dcbersetzer f\u00fcr Ungarisch, Rum\u00e4nisch, Deutsch und Englisch sowie einen Masterabschluss in Internationalen Beziehungen und Transatlantischen Studien, folgte ich 2011 meinem Herzen: Ich begann als Hundetrainer, autodidaktisch, da es in Rum\u00e4nien keine offizielle Ausbildung gab. Ich lernte von Trainern, doch war oft schockiert \u00fcber dominante, veraltete Methoden. Deshalb begann ich, internationale Fachliteratur zu lesen in vier Sprachen. Besonders die Verhaltensforschung der ELTE-Universit\u00e4t in Budapest inspirierte mich tief.<\/p><p>\ud83d\udcd8 Mein Ansatz:<\/p><ul><li>Wissenschaftlich fundiert<\/li><li>Gewaltfrei und empathisch<\/li><li>Individuell angepasst auf jedes Mensch-Hund-Team<\/li><\/ul><p>2015 gr\u00fcndete ich die Joker K9 Hundeschule in Rum\u00e4nien und begann parallel, besonders schwierige Hunde ehrenamtlich zu rehabilitieren, solche, die keine Chance mehr hatten.<br \/>Viele galten als aggressiv oder \u201ehoffnungslos\u201c doch mit Geduld, Empathie und Struktur konnten wir sie ins Leben zur\u00fcckholen.<\/p>\t\t\t\t\t\t\t\t<\/div>\n\t\t\t\t<\/div>\n\t\t\t\t<\/div>\n\t\t\t\t\t<\/div>\n\t\t\t\t<\/div>\n\t\t<div class=\"elementor-element elementor-element-1fb1aa8 e-flex e-con-boxed wpr-particle-no wpr-jarallax-no wpr-parallax-no wpr-sticky-section-no e-con e-parent\" data-id=\"1fb1aa8\" data-element_type=\"container\" data-e-type=\"container\" data-settings=\"{&quot;background_background&quot;:&quot;classic&quot;}\">\n\t\t\t\t\t<div class=\"e-con-inner\">\n\t\t<div class=\"elementor-element elementor-element-d616999 e-con-full e-flex wpr-particle-no wpr-jarallax-no wpr-parallax-no wpr-sticky-section-no e-con e-child\" data-id=\"d616999\" data-element_type=\"container\" data-e-type=\"container\">\n\t\t\t\t<div class=\"elementor-element elementor-element-19424f8 elementor-widget elementor-widget-text-editor\" data-id=\"19424f8\" data-element_type=\"widget\" data-e-type=\"widget\" data-widget_type=\"text-editor.default\">\n\t\t\t\t<div class=\"elementor-widget-container\">\n\t\t\t\t\t\t\t\t\t<p>Seit 2019 lebe ich in Deutschland und habe in dieser Zeit die Zertifizierung nach \u00a711 Tierschutzgesetz als Hundetrainer und Verhaltenstherapeut (auch oft als Hundepsychologe bezeichnet) erfolgreich erworben.<br \/>Ich arbeite mobil und online mit Kunden aus der ganzen Welt auf Deutsch, Englisch, Ungarisch und Rum\u00e4nisch.<\/p><p>Ich spreche die Sprache der Stra\u00dfenhunde ebenso wie die Erwartungen der modernen deutschen Hundehaltung und baue Br\u00fccken dazwischen.<br \/>Weil jeder Hund eine Geschichte hat und jedes Verhalten einen Grund.<\/p>\t\t\t\t\t\t\t\t<\/div>\n\t\t\t\t<\/div>\n\t\t<div class=\"elementor-element elementor-element-3a1b818 e-con-full e-flex wpr-particle-no wpr-jarallax-no wpr-parallax-no wpr-sticky-section-no e-con e-child\" data-id=\"3a1b818\" data-element_type=\"container\" data-e-type=\"container\">\n\t\t\t\t<div class=\"elementor-element elementor-element-065f6e8 elementor-widget elementor-widget-button\" data-id=\"065f6e8\" data-element_type=\"widget\" data-e-type=\"widget\" data-widget_type=\"button.default\">\n\t\t\t\t<div class=\"elementor-widget-container\">\n\t\t\t\t\t\t\t\t\t<div class=\"elementor-button-wrapper\">\n\t\t\t\t\t<a class=\"elementor-button elementor-button-link elementor-size-sm\" href=\"https:\/\/jokerk9.com\/?page_id=81&#038;preview_id=81\">\n\t\t\t\t\t\t<span class=\"elementor-button-content-wrapper\">\n\t\t\t\t\t\t\t\t\t<span class=\"elementor-button-text\">\ud83d\udcc5 Beratung buchen<\/span>\n\t\t\t\t\t<\/span>\n\t\t\t\t\t<\/a>\n\t\t\t\t<\/div>\n\t\t\t\t\t\t\t\t<\/div>\n\t\t\t\t<\/div>\n\t\t\t\t<div class=\"elementor-element elementor-element-d53d5c0 elementor-widget elementor-widget-button\" data-id=\"d53d5c0\" data-element_type=\"widget\" data-e-type=\"widget\" data-widget_type=\"button.default\">\n\t\t\t\t<div class=\"elementor-widget-container\">\n\t\t\t\t\t\t\t\t\t<div class=\"elementor-button-wrapper\">\n\t\t\t\t\t<a class=\"elementor-button elementor-button-link elementor-size-sm\" href=\"https:\/\/jokerk9.com\/?page_id=71#Leistungen\">\n\t\t\t\t\t\t<span class=\"elementor-button-content-wrapper\">\n\t\t\t\t\t\t\t\t\t<span class=\"elementor-button-text\">Unsere Leistungen \u279c<\/span>\n\t\t\t\t\t<\/span>\n\t\t\t\t\t<\/a>\n\t\t\t\t<\/div>\n\t\t\t\t\t\t\t\t<\/div>\n\t\t\t\t<\/div>\n\t\t\t\t<\/div>\n\t\t\t\t<\/div>\n\t\t<div class=\"elementor-element elementor-element-857fd48 e-con-full e-flex wpr-particle-no wpr-jarallax-no wpr-parallax-no wpr-sticky-section-no e-con e-child\" data-id=\"857fd48\" data-element_type=\"container\" data-e-type=\"container\" data-settings=\"{&quot;background_background&quot;:&quot;classic&quot;}\">\n\t\t\t\t<div class=\"elementor-element elementor-element-08ca3cc elementor-widget elementor-widget-image\" data-id=\"08ca3cc\" data-element_type=\"widget\" data-e-type=\"widget\" data-widget_type=\"image.default\">\n\t\t\t\t<div class=\"elementor-widget-container\">\n\t\t\t\t\t\t\t\t\t\t\t\t\t\t\t<img decoding=\"async\" width=\"1536\" height=\"1288\" src=\"https:\/\/jokerk9.com\/wp-content\/uploads\/2025\/06\/Csoportos-1536x1288.png\" class=\"attachment-1536x1536 size-1536x1536 wp-image-133\" alt=\"\" srcset=\"https:\/\/jokerk9.com\/wp-content\/uploads\/2025\/06\/Csoportos-1536x1288.png 1536w, https:\/\/jokerk9.com\/wp-content\/uploads\/2025\/06\/Csoportos-300x251.png 300w, https:\/\/jokerk9.com\/wp-content\/uploads\/2025\/06\/Csoportos-1024x858.png 1024w, https:\/\/jokerk9.com\/wp-content\/uploads\/2025\/06\/Csoportos-768x644.png 768w\" sizes=\"(max-width: 1536px) 100vw, 1536px\" \/>\t\t\t\t\t\t\t\t\t\t\t\t\t\t\t<\/div>\n\t\t\t\t<\/div>\n\t\t\t\t<\/div>\n\t\t\t\t\t<\/div>\n\t\t\t\t<\/div>\n\t\t\t\t<\/div>\n\t\t","protected":false},"excerpt":{"rendered":"<p>Zertifizierter Hundetrainer &amp; Verhaltenstherapeut, aber vor allem jemand, der Hunde wirklich versteht.\u200b\u200b Ich bin in Rum\u00e4nien geboren und mit Hunden aufgewachsen.Schon als Kind war ich ruhiger als andere, in menschlichen Beziehungen oft \u00fcberfordert. Doch mit Hunden konnte ich sprechen, nicht mit Worten, sondern durch Gef\u00fchl, K\u00f6rpersprache und Intuition. Ein Kuvasz (ungarischer Herdenschutzhund) war mein erster Lehrer. Mit seiner Hilfe habe ich das Laufen gelernt.Die Stra\u00dfenhunde meiner Heimat zeigten mir, was Vertrauen bedeutet, wenn man nichts hat und wie viel Kraft in stiller Kommunikation liegt. 0+ Jahre erfahrung 0+ In tierschutz 0+ Geretete hunde Mit sechs oder sieben Jahren erlebte ich eine Szene, die mein Leben pr\u00e4gte:Ich sah, wie ein Hufschmied brutal mit einem Pferd umging und ich stellte mich dazwischen. Ohne Angst, ohne zu \u00fcberlegen. In diesem Moment wurde mir klar:\ud83d\udc49 Ich will f\u00fcr die sprechen, die keine Stimme haben. Trotz meines Studiums in einer anderen Richtung ich habe einen Bachelorabschluss als \u00dcbersetzer f\u00fcr Ungarisch, Rum\u00e4nisch, Deutsch und Englisch sowie einen Masterabschluss in Internationalen Beziehungen und Transatlantischen Studien, folgte ich 2011 meinem Herzen: Ich begann als Hundetrainer, autodidaktisch, da es in Rum\u00e4nien keine offizielle Ausbildung gab. Ich lernte von Trainern, doch war oft schockiert \u00fcber dominante, veraltete Methoden. Deshalb begann ich, internationale Fachliteratur zu lesen in vier Sprachen. Besonders die Verhaltensforschung der ELTE-Universit\u00e4t in Budapest inspirierte mich tief. \ud83d\udcd8 Mein Ansatz: Wissenschaftlich fundiert Gewaltfrei und empathisch Individuell angepasst auf jedes Mensch-Hund-Team 2015 gr\u00fcndete ich die Joker K9 Hundeschule in Rum\u00e4nien und begann parallel, besonders schwierige Hunde ehrenamtlich zu rehabilitieren, solche, die keine Chance mehr hatten.Viele galten als aggressiv oder \u201ehoffnungslos\u201c doch mit Geduld, Empathie und Struktur konnten wir sie ins Leben zur\u00fcckholen. Seit 2019 lebe ich in Deutschland und habe in dieser Zeit die Zertifizierung nach \u00a711 Tierschutzgesetz als Hundetrainer und Verhaltenstherapeut (auch oft als Hundepsychologe bezeichnet) erfolgreich erworben.Ich arbeite mobil und online mit Kunden aus der ganzen Welt auf Deutsch, Englisch, Ungarisch und Rum\u00e4nisch. Ich spreche die Sprache der Stra\u00dfenhunde ebenso wie die Erwartungen der modernen deutschen Hundehaltung und baue Br\u00fccken dazwischen.Weil jeder Hund eine Geschichte hat und jedes Verhalten einen Grund. \ud83d\udcc5 Beratung buchen Unsere Leistungen \u279c<\/p>\n","protected":false},"author":1,"featured_media":0,"parent":0,"menu_order":0,"comment_status":"closed","ping_status":"closed","template":"elementor_header_footer","meta":{"_monsterinsights_skip_tracking":false,"_monsterinsights_sitenote_active":false,"_monsterinsights_sitenote_note":"","_monsterinsights_sitenote_category":0,"footnotes":""},"class_list":["post-79","page","type-page","status-publish","hentry","entry"],"_links":{"self":[{"href":"https:\/\/jokerk9.com\/index.php?rest_route=\/wp\/v2\/pages\/79","targetHints":{"allow":["GET"]}}],"collection":[{"href":"https:\/\/jokerk9.com\/index.php?rest_route=\/wp\/v2\/pages"}],"about":[{"href":"https:\/\/jokerk9.com\/index.php?rest_route=\/wp\/v2\/types\/page"}],"author":[{"embeddable":true,"href":"https:\/\/jokerk9.com\/index.php?rest_route=\/wp\/v2\/users\/1"}],"replies":[{"embeddable":true,"href":"https:\/\/jokerk9.com\/index.php?rest_route=%2Fwp%2Fv2%2Fcomments&post=79"}],"version-history":[{"count":88,"href":"https:\/\/jokerk9.com\/index.php?rest_route=\/wp\/v2\/pages\/79\/revisions"}],"predecessor-version":[{"id":599,"href":"https:\/\/jokerk9.com\/index.php?rest_route=\/wp\/v2\/pages\/79\/revisions\/599"}],"wp:attachment":[{"href":"https:\/\/jokerk9.com\/index.php?rest_route=%2Fwp%2Fv2%2Fmedia&parent=79"}],"curies":[{"name":"wp","href":"https:\/\/api.w.org\/{rel}","templated":true}]}}